{"id":3318,"date":"2021-04-25T12:41:57","date_gmt":"2021-04-25T10:41:57","guid":{"rendered":"https:\/\/malgorzatajus.com\/?post_type=product&#038;p=3318"},"modified":"2026-01-24T00:08:37","modified_gmt":"2026-01-23T23:08:37","slug":"obraz-nr2-z-kolekcji-scratchy","status":"publish","type":"product","link":"https:\/\/malgorzatajus.com\/index.php\/produkt\/obraz-nr2-z-kolekcji-scratchy\/","title":{"rendered":"Obraz nr 2 z ziele\u0144\/ z\u0142oto"},"content":{"rendered":"<p>Nowa sztuka w kolekcji MORE\/ scratchy \ud83d\udd8c<br \/>\nTen b\u0119dzie pi\u0119knie prezentowa\u0142 si\u0119 w ciemnych, klasycznych i eleganckich wn\u0119trzach \ud83d\ude0d po\u0142\u0105czenie mojego ulubionego chromowanego z\u0142ota i ciemnej zieleni\ud83c\udf7e<\/p>\n<p>Obraz z kategorii <strong>fine art.<\/strong><\/p>\n<p>To doskona\u0142y obraz do salonu, sypialni czy korytarza. Dope\u0142ni modne wn\u0119trze w stylu skandynawskim czy glamour.<\/p>\n","protected":false},"excerpt":{"rendered":"<p><strong>Rozmiar:<\/strong> 60&#215;80 cm<\/p>\n<p><strong>Medium<\/strong>: farba akrylowa, p\u0142\u00f3tno<\/p>\n<h5>Ka\u017cdy namalowany przeze mnie obraz jest unikalny i jedyny w swoim rodzaju. Jest malowany r\u0119cznie na p\u0142\u00f3tnie, podpisywany oraz opisywany numerem kolekcji i dat\u0105.<\/h5>\n","protected":false},"featured_media":3370,"comment_status":"open","ping_status":"closed","template":"","meta":{"spay_email":""},"_links":{"self":[{"href":"https:\/\/malgorzatajus.com\/index.php\/wp-json\/wp\/v2\/product\/3318"}],"collection":[{"href":"https:\/\/malgorzatajus.com\/index.php\/wp-json\/wp\/v2\/product"}],"about":[{"href":"https:\/\/malgorzatajus.com\/index.php\/wp-json\/wp\/v2\/types\/product"}],"replies":[{"embeddable":true,"href":"https:\/\/malgorzatajus.com\/index.php\/wp-json\/wp\/v2\/comments?post=3318"}],"wp:featuredmedia":[{"embeddable":true,"href":"https:\/\/malgorzatajus.com\/index.php\/wp-json\/wp\/v2\/media\/3370"}],"wp:attachment":[{"href":"https:\/\/malgorzatajus.com\/index.php\/wp-json\/wp\/v2\/media?parent=3318"}],"curies":[{"name":"wp","href":"https:\/\/api.w.org\/{rel}","templated":true}]}}